{"id":7,"date":"2025-11-25T04:15:19","date_gmt":"2025-11-25T04:15:19","guid":{"rendered":"https:\/\/demo23.mikotech.vn\/hungcuong\/?page_id=7"},"modified":"2026-02-24T08:10:21","modified_gmt":"2026-02-24T08:10:21","slug":"gioi-thieu","status":"publish","type":"page","link":"https:\/\/demo23.mikotech.vn\/hungcuong\/gioi-thieu\/","title":{"rendered":"Gi\u1edbi thi\u1ec7u"},"content":{"rendered":"\t\t<div data-elementor-type=\"wp-post\" data-elementor-id=\"7\" class=\"elementor elementor-7\" data-elementor-post-type=\"page\">\n\t\t\t\t<div class=\"elementor-element elementor-element-07ffdab e-con-full e-flex e-con e-parent\" data-id=\"07ffdab\" data-element_type=\"container\">\n\t\t\t\t<div class=\"elementor-element elementor-element-da1ed67 elementor-widget elementor-widget-image\" data-id=\"da1ed67\" data-element_type=\"widget\" data-widget_type=\"image.default\">\n\t\t\t\t\t\t\t\t\t\t\t\t\t\t\t<img fetchpriority=\"high\" decoding=\"async\" width=\"1440\" height=\"861\" src=\"https:\/\/demo23.mikotech.vn\/hungcuong\/wp-content\/uploads\/2025\/11\/slide.png\" class=\"attachment-full size-full wp-image-97\" alt=\"\" srcset=\"https:\/\/demo23.mikotech.vn\/hungcuong\/wp-content\/uploads\/2025\/11\/slide.png 1440w, https:\/\/demo23.mikotech.vn\/hungcuong\/wp-content\/uploads\/2025\/11\/slide-300x179.png 300w, https:\/\/demo23.mikotech.vn\/hungcuong\/wp-content\/uploads\/2025\/11\/slide-1024x612.png 1024w, https:\/\/demo23.mikotech.vn\/hungcuong\/wp-content\/uploads\/2025\/11\/slide-768x459.png 768w, https:\/\/demo23.mikotech.vn\/hungcuong\/wp-content\/uploads\/2025\/11\/slide-600x359.png 600w\" sizes=\"(max-width: 1440px) 100vw, 1440px\" \/>\t\t\t\t\t\t\t\t\t\t\t\t\t\t\t<\/div>\n\t\t\t\t<\/div>\n\t\t<div class=\"elementor-element elementor-element-ce0b2f8 e-con-full e-flex e-con e-parent\" data-id=\"ce0b2f8\" data-element_type=\"container\">\n\t\t\t\t<div class=\"elementor-element elementor-element-674f675 elementor-widget elementor-widget-heading\" data-id=\"674f675\" data-element_type=\"widget\" data-widget_type=\"heading.default\">\n\t\t\t\t\t<h1 class=\"elementor-heading-title elementor-size-default\">C\u00c2U CHUY\u1ec6N PH\u00da NINH<\/h1>\t\t\t\t<\/div>\n\t\t\t\t<div class=\"elementor-element elementor-element-06ede50 elementor-widget elementor-widget-text-editor\" data-id=\"06ede50\" data-element_type=\"widget\" data-widget_type=\"text-editor.default\">\n\t\t\t\t\t\t\t\t\t<p><span style=\"font-size: 21px;\"><strong>Kho\u00e1ng l\u00e0nh Ph\u00fa Ninh \u2013 M\u00f3n qu\u00e0 s\u1ee9c kho\u1ebb t\u1eeb thi\u00ean nhi\u00ean!<\/strong><\/span><\/p><p><span style=\"font-size: 18px;\">L\u00e0 m\u1ed9t danh th\u1eafng n\u1ed5i ti\u1ebfng v\u1edbi h\u01a1n 30 \u0111\u1ea3o l\u1edbn nh\u1ecf, ngay d\u01b0\u1edbi l\u00f2ng H\u1ed3 Ph\u00fa Ninh, t\u1ec9nh Qu\u1ea3ng Nam c\u00f2n c\u00f3 m\u1ecf n\u01b0\u1edbc kho\u00e1ng n\u00f3ng t\u1ef1 nhi\u00ean, ch\u1ee9a h\u00e0m l\u01b0\u1ee3ng kho\u00e1ng ch\u1ea5t cao, l\u00e0 m\u00f3n qu\u00e0 s\u1ee9c kho\u1ebb do thi\u00ean nhi\u00ean ban t\u1eb7ng tr\u00ean d\u1ea3i \u0111\u1ea5t mi\u1ec1n Trung n\u00e0y.<\/span><\/p><p><span style=\"font-size: 21px;\"><strong>M\u00f3n qu\u00e0 s\u1ee9c kho\u1ebb t\u1eeb thi\u00ean nhi\u00ean<\/strong><\/span><\/p><p><span style=\"font-size: 18px;\">H\u1ed3 Ph\u00fa Ninh thu\u1ed9c x\u00e3 Tam \u0110\u1ea1i, huy\u1ec7n Ph\u00fa Ninh, t\u1ec9nh Qu\u1ea3ng Nam. \u0110\u00e2y l\u00e0 m\u1ed9t trong nh\u1eefng danh th\u1eafng qu\u1ed1c gia n\u1ed5i ti\u1ebfng, v\u1edbi t\u1ed5ng di\u1ec7n t\u00edch tr\u00ean 23.000 ha, bao g\u1ed3m h\u01a1n 30 \u0111\u1ea3o l\u1edbn nh\u1ecf, \u0111\u01b0\u1ee3c v\u00ed nh\u01b0 m\u1ed9t V\u1ecbnh H\u1ea1 Long thu nh\u1ecf. Tr\u00ean c\u00e1c \u0111\u1ea3o \u0111\u1ec1u c\u00f3 h\u1ec7 sinh th\u00e1i \u0111\u1ed9ng th\u1ef1c v\u1eadt phong ph\u00fa, nhi\u1ec1u \u0111\u1ea3o l\u00e0 n\u01a1i sinh s\u1ed1ng c\u1ee7a nh\u1eefng lo\u00e0i c\u00f3 t\u00ean trong s\u00e1ch \u0111\u1ecf.<\/span><\/p><p><span style=\"font-size: 18px;\">Theo m\u1ed9t s\u1ed1 t\u00e0i li\u1ec7u, m\u1ecf n\u01b0\u1edbc kho\u00e1ng Ph\u00fa Ninh n\u1eb1m ngay gi\u1eefa l\u00f2ng h\u1ed3, \u0111\u01b0\u1ee3c ph\u00e1t hi\u1ec7n v\u00e0o n\u0103m 1928, khi c\u00e1c nh\u00e0 khoa h\u1ecdc v\u00e0 chuy\u00ean gia b\u1eaft \u0111\u1ea7u nghi\u00ean c\u1ee9u c\u00e1c ngu\u1ed3n t\u00e0i nguy\u00ean thi\u00ean nhi\u00ean t\u1ea1i khu v\u1ef1c mi\u1ec1n Trung Vi\u1ec7t Nam. Tuy nhi\u00ean, ngu\u1ed3n n\u01b0\u1edbc kho\u00e1ng n\u00e0y ch\u01b0a \u0111\u01b0\u1ee3c ch\u00fa \u00fd nhi\u1ec1u.<\/span><\/p><p><span style=\"font-size: 18px;\">\u0110\u1ebfn nh\u1eefng n\u0103m 1978, B\u1ed9 Y T\u1ebf ti\u1ebfn h\u00e0nh nghi\u00ean c\u1ee9u khoa h\u1ecdc, \u0111\u00e1nh gi\u00e1 ti\u1ec1m n\u0103ng c\u1ee7a ngu\u1ed3n n\u01b0\u1edbc kho\u00e1ng Ph\u00fa Ninh. K\u1ebft qu\u1ea3 nghi\u00ean c\u1ee9u ch\u1ec9 ra r\u1eb1ng, n\u01b0\u1edbc kho\u00e1ng t\u1ea1i \u0111\u00e2y c\u00f3 th\u00e0nh ph\u1ea7n kho\u00e1ng ch\u1ea5t phong ph\u00fa nh\u01b0: Canxi, magi\u00ea, bicarbonate, natri, v\u00e0 c\u00e1c vi kho\u00e1ng kh\u00e1c, ph\u00f9 h\u1ee3p cho vi\u1ec7c s\u1eed d\u1ee5ng l\u00e0m n\u01b0\u1edbc u\u1ed1ng b\u1ed5 sung vi kho\u00e1ng v\u00e0 c\u00e1c m\u1ee5c \u0111\u00edch ch\u1eefa b\u1ec7nh kh\u00e1c.<\/span><\/p><p><span style=\"font-size: 18px;\">N\u0103m 1992, sau nhi\u1ec1u l\u1ea7n th\u1eed nghi\u1ec7m th\u00e0nh c\u00f4ng, n\u01b0\u1edbc kho\u00e1ng Ph\u00fa Ninh \u0111\u01b0\u1ee3c khai th\u00e1c v\u00e0 ch\u1ebf bi\u1ebfn \u0111\u00f3ng chai ph\u00e2n ph\u1ed1i ra th\u1ecb tr\u01b0\u1eddng. \u0110\u1ebfn n\u0103m 2013, C\u00f4ng ty C\u1ed5 ph\u1ea7n \u0111\u1ea7u t\u01b0 du l\u1ecbch H\u00f9ng C\u01b0\u1eddng \u0111\u01b0\u1ee3c c\u1ea5p quy\u1ec1n khai th\u00e1c ngu\u1ed3n n\u01b0\u1edbc kho\u00e1ng Ph\u00fa Ninh \u0111\u1ec3 s\u1ea3n xu\u1ea5t n\u01b0\u1edbc kho\u00e1ng \u0111\u00f3ng chai, cung c\u1ea5p cho ng\u01b0\u1eddi ti\u00eau d\u00f9ng trong v\u00e0 ngo\u00e0i t\u1ec9nh lo\u1ea1i n\u01b0\u1edbc u\u1ed1ng ch\u1ea5t l\u01b0\u1ee3ng, t\u0103ng c\u01b0\u1eddng kho\u00e1ng ch\u1ea5t c\u1ea7n thi\u1ebft cho c\u01a1 th\u1ec3.<\/span><\/p><p><span style=\"font-size: 18px;\">T\u1eeb khi d\u1ef1 \u00e1n \u0111i v\u00e0o ho\u1ea1t \u0111\u1ed9ng, b\u00ean c\u1ea1nh vi\u1ec7c \u0111\u00f3ng g\u00f3p cho s\u1ef1 ph\u00e1t tri\u1ec3n kinh t\u1ebf &#8211; du l\u1ecbch c\u1ee7a t\u1ec9nh nh\u00e0, h\u1ed7 tr\u1ee3 gi\u1ea3i quy\u1ebft vi\u1ec7c l\u00e0m \u1ed5n \u0111\u1ecbnh tr\u1ef1c ti\u1ebfp cho ng\u01b0\u1eddi d\u00e2n \u0111\u1ecba ph\u01b0\u01a1ng, th\u01b0\u01a1ng hi\u1ec7u \u201cN\u01b0\u1edbc kho\u00e1ng Ph\u00fa Ninh\u201d c\u00f2n l\u00e0 ni\u1ec1m t\u1ef1 h\u00e0o c\u1ee7a qu\u00ea h\u01b0\u01a1ng Qu\u1ea3ng Nam. B\u1edfi kh\u00f4ng ch\u1ec9 l\u00e0 m\u1ed9t s\u1ea3n ph\u1ea9m thi\u1ebft th\u1ef1c trong cu\u1ed9c s\u1ed1ng, \u201cN\u01b0\u1edbc kho\u00e1ng Ph\u00fa Ninh\u201d c\u00f2n \u00fd ngh\u0129a mang l\u1ea1i gi\u00e1 tr\u1ecb s\u1ee9c kho\u1ebb cho ng\u01b0\u1eddi d\u00f9ng.<\/span><\/p><p><span style=\"font-size: 21px;\"><strong>V\u00ec m\u1ed9t t\u01b0\u01a1ng lai xanh v\u00e0 kho\u1ebb m\u1ea1nh<\/strong><\/span><\/p><p><span style=\"font-size: 18px;\">Tr\u00e2n tr\u1ecdng m\u00f3n qu\u00e0 s\u1ee9c kho\u1ebb t\u1eeb thi\u00ean nhi\u00ean ban t\u1eb7ng, ngay t\u1eeb nh\u1eefng ng\u00e0y \u0111\u1ea7u, C\u00f4ng ty C\u1ed5 ph\u1ea7n \u0111\u1ea7u t\u01b0 du l\u1ecbch H\u00f9ng C\u01b0\u1eddng \u0111\u00e3 x\u00e1c \u0111\u1ecbnh r\u00f5 ph\u01b0\u01a1ng ch\u00e2m c\u1ee7a m\u00ecnh, \u0111\u00f3 l\u00e0 \u201ckhai th\u00e1c t\u00e0i nguy\u00ean b\u1ec1n v\u1eefng, ph\u1ee5c v\u1ee5 s\u1ee9c kh\u1ecfe c\u1ed9ng \u0111\u1ed3ng, b\u1ea3o v\u1ec7 m\u00f4i tr\u01b0\u1eddng &#8211; N\u01b0\u1edbc kho\u00e1ng Ph\u00fa Ninh, v\u00ec m\u1ed9t t\u01b0\u01a1ng lai xanh v\u00e0 kh\u1ecfe m\u1ea1nh.&#8221; Ph\u01b0\u01a1ng ch\u00e2m n\u00e0y th\u1ec3 hi\u1ec7n cam k\u1ebft c\u1ee7a doanh nghi\u1ec7p trong vi\u1ec7c khai th\u00e1c ngu\u1ed3n t\u00e0i nguy\u00ean n\u01b0\u1edbc kho\u00e1ng m\u1ed9t c\u00e1ch b\u1ec1n v\u1eefng, \u1ee9ng d\u1ee5ng c\u00f4ng ngh\u1ec7 cao trong s\u1ea3n xu\u1ea5t v\u00e0 ph\u00e2n ph\u1ed1i, \u0111\u1ed3ng th\u1eddi b\u1ea3o v\u1ec7 m\u00f4i tr\u01b0\u1eddng, h\u01b0\u1edbng \u0111\u1ebfn m\u1ed9t t\u01b0\u01a1ng lai kinh t\u1ebf xanh v\u00ec s\u1ee9c kh\u1ecfe c\u1ed9ng \u0111\u1ed3ng.<\/span><\/p><p><span style=\"font-size: 18px;\">\u0110\u1ec3 th\u1ef1c hi\u1ec7n cam k\u1ebft c\u1ee7a m\u00ecnh, h\u01b0\u1edbng \u0111\u1ebfn \u201cV\u00ec m\u1ed9t t\u01b0\u01a1ng lai xanh v\u00e0 kho\u1ebb m\u1ea1nh\u201d, C\u00f4ng ty C\u1ed5 ph\u1ea7n \u0111\u1ea7u t\u01b0 du l\u1ecbch H\u00f9ng C\u01b0\u1eddng \u0111\u00e3 ho\u1ea1ch \u0111\u1ecbnh chi\u1ebfn l\u01b0\u1ee3c s\u1ea3n xu\u1ea5t, kinh doanh lu\u00f4n \u0111\u1eb7t m\u1ee5c ti\u00eau b\u1ea3o v\u1ec7 ngu\u1ed3n t\u00e0i nguy\u00ean qu\u00fd gi\u00e1 l\u00ean h\u00e0ng \u0111\u1ea7u.<\/span><\/p><p><span style=\"font-size: 18px;\">\u0110\u1ed1i v\u1edbi ngu\u1ed3n n\u01b0\u1edbc kho\u00e1ng \u0111ang khai th\u00e1c, C\u00f4ng ty x\u00e2y d\u1ef1ng v\u00e0 th\u1ef1c hi\u1ec7n ph\u01b0\u01a1ng \u00e1n b\u1ea3o v\u1ec7, qu\u1ea3n l\u00fd khai th\u00e1c kho\u00e1ng s\u1ea3n hi\u1ec7u qu\u1ea3 ngu\u1ed3n n\u01b0\u1edbc kho\u00e1ng. C\u1ee5 th\u1ec3: L\u1eadp quy tr\u00ecnh khai th\u00e1c ngu\u1ed3n n\u01b0\u1edbc kho\u00e1ng b\u1ec1n v\u1eefng v\u00e0 tu\u00e2n th\u1ee7 khai th\u00e1c theo quy \u0111\u1ecbnh ph\u00e1p lu\u1eadt; X\u00e2y d\u1ef1ng c\u01a1 s\u1edf d\u1eef li\u1ec7u quan tr\u1eafc \u0111\u1ed9ng th\u00e1i ngu\u1ed3n n\u01b0\u1edbc kho\u00e1ng, t\u1eeb \u0111\u00f3 c\u00f3 c\u01a1 s\u1edf ph\u00e2n t\u00edch \u0111\u00e1nh gi\u00e1 \u0111\u1ecbnh k\u1ef3 v\u1ec1 t\u00ednh \u1ed5n \u0111\u1ecbnh c\u1ee7a ngu\u1ed3n n\u01b0\u1edbc kho\u00e1ng; \u0110\u00e1nh gi\u00e1 ch\u1ea5t l\u01b0\u1ee3ng khai th\u00e1c \u0111\u1ecbnh k\u1ef3 h\u1eb1ng n\u0103m.<\/span><\/p><p><span style=\"font-size: 18px;\">X\u00e2y d\u1ef1ng ph\u01b0\u01a1ng \u00e1n c\u1ea3i t\u1ea1o v\u00e0 ph\u1ee5c h\u1ed3i m\u00f4i tr\u01b0\u1eddng ph\u00f9 h\u1ee3p v\u1edbi th\u1ef1c t\u1ebf khai th\u00e1c t\u1ea1i m\u1ecf kho\u00e1ng. S\u1eed d\u1ee5ng hi\u1ec7u qu\u1ea3 ngu\u1ed3n n\u01b0\u1edbc trong c\u00e1c ho\u1ea1t \u0111\u1ed9ng s\u1ea3n xu\u1ea5t ch\u1ebf bi\u1ebfn c\u1ee7a nh\u00e0 m\u00e1y nh\u01b0: S\u1eed d\u1ee5ng \u0111\u01b0\u1eddng \u1ed1ng kh\u00e9p k\u00edn h\u01a1n 3800m d\u1eabn ngu\u1ed3n n\u01b0\u1edbc v\u1ec1 nh\u00e0 m\u00e1y, \u0111\u1ea3m b\u1ea3o nguy\u00ean v\u1eb9n ngu\u1ed3n n\u01b0\u1edbc v\u00e0 an to\u00e0n v\u1ec7 sinh su\u1ed1t qu\u00e1 tr\u00ecnh d\u1eabn n\u01b0\u1edbc; S\u1eed d\u1ee5ng h\u1ec7 th\u1ed1ng d\u00e2y chuy\u1ec1n thi\u1ebft b\u1ecb s\u1ea3n xu\u1ea5t hi\u1ec7n \u0111\u1ea1i \u0111\u1ec3 s\u1eed d\u1ee5ng hi\u1ec7u qu\u1ea3 ngu\u1ed3n n\u01b0\u1edbc trong t\u1ea5t c\u1ea3 qu\u00e1 tr\u00ecnh s\u1ea3n xu\u1ea5t s\u1ea3n ph\u1ea9m.<\/span><\/p><p><span style=\"font-size: 18px;\">\u0110\u1ed1i v\u1edbi ngu\u1ed3n n\u01b0\u1edbc th\u1ea3i t\u1eeb ho\u1ea1t \u0111\u1ed9ng c\u1ee7a nh\u00e0 m\u00e1y, C\u00f4ng ty \u0111\u00e3 th\u1ef1c hi\u1ec7n x\u00e2y d\u1ef1ng c\u00e1c ph\u01b0\u01a1ng \u00e1n v\u00e0 h\u1ec7 th\u1ed1ng x\u1eed l\u00fd hi\u1ec7u qu\u1ea3 g\u1ed3m: X\u00e2y d\u1ef1ng c\u00f4ng tr\u00ecnh x\u1eed l\u00fd n\u01b0\u1edbc th\u1ea3i sinh ho\u1ea1t, n\u01b0\u1edbc th\u1ea3i s\u1ea3n xu\u1ea5t ra m\u00f4i tr\u01b0\u1eddng \u0111\u1ea3m b\u1ea3o quy \u0111\u1ecbnh v\u1ec1 m\u00f4i tr\u01b0\u1eddng; Th\u1ef1c hi\u1ec7n v\u1eadn h\u00e0nh, b\u1ea3o tr\u00ec b\u1ea3o d\u01b0\u1ee1ng h\u1ec7 th\u1ed1ng x\u1eed l\u00fd, gi\u00e1m s\u00e1t quan tr\u1eafc ngu\u1ed3n n\u01b0\u1edbc th\u1ea3i \u0111\u1ecbnh k\u1ef3.<\/span><\/p><p><span style=\"font-size: 18px;\">B\u00ean c\u1ea1nh \u0111\u00f3, c\u00e1c gi\u1ea3i ph\u00e1p \u0111\u1ec3 h\u1ea1n ch\u1ebf t\u1ed1i \u0111a l\u01b0\u1ee3ng r\u00e1c th\u1ea3i nh\u1ef1a ra m\u00f4i tr\u01b0\u1eddng lu\u00f4n \u0111\u01b0\u1ee3c c\u00f4ng ty quan t\u00e2m, c\u00f3 bi\u1ec7n ph\u00e1p thu gom v\u00e0 t\u00e1i ch\u1ebf. C\u1ee5 th\u1ec3: Nghi\u00ean c\u1ee9u c\u1ea3i ti\u1ebfn th\u01b0\u1eddng xuy\u00ean trong ho\u1ea1t \u0111\u1ed9ng s\u1ea3n xu\u1ea5t, gi\u1ea3m thi\u1ec3u t\u1ed1i \u0111a c\u00e1c s\u1ea3n ph\u1ea9m l\u1ed7i. Nghi\u00ean c\u1ee9u c\u00e1c lo\u1ea1i bao b\u00ec m\u1edbi v\u1eeba \u0111\u00e1p \u1ee9ng y\u00eau c\u1ea7u s\u1ea3n xu\u1ea5t, v\u1eeba thay th\u1ebf c\u00e1c bao b\u00ec nh\u1ef1a hi\u1ec7n nay. Ngu\u1ed3n r\u00e1c th\u1ea3i r\u1eafn nh\u00e0 m\u00e1y ch\u1ee7 y\u1ebfu l\u00e0 v\u1ecf chai h\u1ecfng v\u00e0 v\u1ecf b\u00ecnh h\u1ecfng, ngu\u1ed3n r\u00e1c th\u1ea3i nh\u1ef1a n\u00e0y \u0111\u01b0\u1ee3c ph\u00e2n lo\u1ea1i theo kho v\u00e0 \u0111\u01b0\u1ee3c c\u00e1c \u0111\u01a1n v\u1ecb thu gom nh\u1ef1a \u0111\u1ebfn thu gom \u0111\u1ecbnh k\u1ef3. \u0110\u1ed3ng th\u1eddi, \u0111\u1ea9y m\u1ea1nh c\u00f4ng t\u00e1c truy\u1ec1n th\u00f4ng n\u1ed9i b\u1ed9, th\u1ef1c hi\u1ec7n tuy\u00ean truy\u1ec1n c\u00e1c bi\u1ec7n ph\u00e1p b\u1ea3o v\u1ec7 m\u00f4i tr\u01b0\u1eddng; h\u01b0\u1edbng d\u1eabn v\u1ec1 c\u00e1c quy \u0111\u1ecbnh s\u1eed d\u1ee5ng, ph\u00e2n lo\u1ea1i v\u00e0 x\u1eed l\u00fd \u0111\u1ed1i v\u1edbi c\u00e1c lo\u1ea1i r\u00e1c th\u1ea3i ra m\u00f4i tr\u01b0\u1eddng cho to\u00e0n th\u1ec3 c\u00e1n b\u1ed9 nh\u00e2n vi\u00ean c\u00f4ng ty.<\/span><\/p>\t\t\t\t\t\t\t\t<\/div>\n\t\t\t\t<\/div>\n\t\t\t\t<\/div>\n\t\t","protected":false},"excerpt":{"rendered":"<p>C\u00c2U CHUY\u1ec6N PH\u00da NINH Kho\u00e1ng l\u00e0nh Ph\u00fa Ninh \u2013 M\u00f3n qu\u00e0 s\u1ee9c kho\u1ebb t\u1eeb thi\u00ean nhi\u00ean! L\u00e0 m\u1ed9t danh th\u1eafng [&hellip;]<\/p>\n","protected":false},"author":1,"featured_media":0,"parent":0,"menu_order":0,"comment_status":"closed","ping_status":"closed","template":"","meta":{"site-sidebar-layout":"no-sidebar","site-content-layout":"","ast-site-content-layout":"full-width-container","site-content-style":"default","site-sidebar-style":"default","ast-global-header-display":"","ast-banner-title-visibility":"","ast-main-header-display":"","ast-hfb-above-header-display":"","ast-hfb-below-header-display":"","ast-hfb-mobile-header-display":"","site-post-title":"","ast-breadcrumbs-content":"","ast-featured-img":"disabled","footer-sml-layout":"","theme-transparent-header-meta":"","adv-header-id-meta":"","stick-header-meta":"","header-above-stick-meta":"","header-main-stick-meta":"","header-below-stick-meta":"","astra-migrate-meta-layouts":"default","ast-page-background-enabled":"default","ast-page-background-meta":{"desktop":{"background-color":"var(--ast-global-color-5)","background-image":"","background-repeat":"repeat","background-position":"center center","background-size":"auto","background-attachment":"scroll","background-type":"","background-media":"","overlay-type":"","overlay-color":"","overlay-opacity":"","overlay-gradient":""},"tablet":{"background-color":"","background-image":"","background-repeat":"repeat","background-position":"center center","background-size":"auto","background-attachment":"scroll","background-type":"","background-media":"","overlay-type":"","overlay-color":"","overlay-opacity":"","overlay-gradient":""},"mobile":{"background-color":"","background-image":"","background-repeat":"repeat","background-position":"center center","background-size":"auto","background-attachment":"scroll","background-type":"","background-media":"","overlay-type":"","overlay-color":"","overlay-opacity":"","overlay-gradient":""}},"ast-content-background-meta":{"desktop":{"background-color":"var(--ast-global-color-4)","background-image":"","background-repeat":"repeat","background-position":"center center","background-size":"auto","background-attachment":"scroll","background-type":"","background-media":"","overlay-type":"","overlay-color":"","overlay-opacity":"","overlay-gradient":""},"tablet":{"background-color":"var(--ast-global-color-4)","background-image":"","background-repeat":"repeat","background-position":"center center","background-size":"auto","background-attachment":"scroll","background-type":"","background-media":"","overlay-type":"","overlay-color":"","overlay-opacity":"","overlay-gradient":""},"mobile":{"background-color":"var(--ast-global-color-4)","background-image":"","background-repeat":"repeat","background-position":"center center","background-size":"auto","background-attachment":"scroll","background-type":"","background-media":"","overlay-type":"","overlay-color":"","overlay-opacity":"","overlay-gradient":""}},"footnotes":""},"class_list":["post-7","page","type-page","status-publish","hentry"],"_links":{"self":[{"href":"https:\/\/demo23.mikotech.vn\/hungcuong\/wp-json\/wp\/v2\/pages\/7","targetHints":{"allow":["GET"]}}],"collection":[{"href":"https:\/\/demo23.mikotech.vn\/hungcuong\/wp-json\/wp\/v2\/pages"}],"about":[{"href":"https:\/\/demo23.mikotech.vn\/hungcuong\/wp-json\/wp\/v2\/types\/page"}],"author":[{"embeddable":true,"href":"https:\/\/demo23.mikotech.vn\/hungcuong\/wp-json\/wp\/v2\/users\/1"}],"replies":[{"embeddable":true,"href":"https:\/\/demo23.mikotech.vn\/hungcuong\/wp-json\/wp\/v2\/comments?post=7"}],"version-history":[{"count":32,"href":"https:\/\/demo23.mikotech.vn\/hungcuong\/wp-json\/wp\/v2\/pages\/7\/revisions"}],"predecessor-version":[{"id":1920,"href":"https:\/\/demo23.mikotech.vn\/hungcuong\/wp-json\/wp\/v2\/pages\/7\/revisions\/1920"}],"wp:attachment":[{"href":"https:\/\/demo23.mikotech.vn\/hungcuong\/wp-json\/wp\/v2\/media?parent=7"}],"curies":[{"name":"wp","href":"https:\/\/api.w.org\/{rel}","templated":true}]}}