{"id":512,"date":"2025-11-25T04:39:03","date_gmt":"2025-11-25T04:39:03","guid":{"rendered":"https:\/\/demo23.mikotech.vn\/hungcuong\/?page_id=512"},"modified":"2026-02-24T08:11:43","modified_gmt":"2026-02-24T08:11:43","slug":"phat-trien-ben-vung","status":"publish","type":"page","link":"https:\/\/demo23.mikotech.vn\/hungcuong\/phat-trien-ben-vung\/","title":{"rendered":"Ph\u00e1t tri\u1ec3n b\u1ec1n v\u1eefng"},"content":{"rendered":"\t\t<div data-elementor-type=\"wp-post\" data-elementor-id=\"512\" class=\"elementor elementor-512\" data-elementor-post-type=\"page\">\n\t\t\t\t<div class=\"elementor-element elementor-element-07ffdab e-con-full e-flex e-con e-parent\" data-id=\"07ffdab\" data-element_type=\"container\">\n\t\t\t\t<div class=\"elementor-element elementor-element-da1ed67 elementor-widget elementor-widget-image\" data-id=\"da1ed67\" data-element_type=\"widget\" data-widget_type=\"image.default\">\n\t\t\t\t\t\t\t\t\t\t\t\t\t\t\t<img fetchpriority=\"high\" decoding=\"async\" width=\"1440\" height=\"861\" src=\"https:\/\/demo23.mikotech.vn\/hungcuong\/wp-content\/uploads\/2025\/11\/slide.png\" class=\"attachment-full size-full wp-image-97\" alt=\"\" srcset=\"https:\/\/demo23.mikotech.vn\/hungcuong\/wp-content\/uploads\/2025\/11\/slide.png 1440w, https:\/\/demo23.mikotech.vn\/hungcuong\/wp-content\/uploads\/2025\/11\/slide-300x179.png 300w, https:\/\/demo23.mikotech.vn\/hungcuong\/wp-content\/uploads\/2025\/11\/slide-1024x612.png 1024w, https:\/\/demo23.mikotech.vn\/hungcuong\/wp-content\/uploads\/2025\/11\/slide-768x459.png 768w, https:\/\/demo23.mikotech.vn\/hungcuong\/wp-content\/uploads\/2025\/11\/slide-600x359.png 600w\" sizes=\"(max-width: 1440px) 100vw, 1440px\" \/>\t\t\t\t\t\t\t\t\t\t\t\t\t\t\t<\/div>\n\t\t\t\t<\/div>\n\t\t<div class=\"elementor-element elementor-element-ce0b2f8 e-flex e-con-boxed e-con e-parent\" data-id=\"ce0b2f8\" data-element_type=\"container\">\n\t\t\t\t\t<div class=\"e-con-inner\">\n\t\t\t\t<div class=\"elementor-element elementor-element-674f675 elementor-widget elementor-widget-heading\" data-id=\"674f675\" data-element_type=\"widget\" data-widget_type=\"heading.default\">\n\t\t\t\t\t<h1 class=\"elementor-heading-title elementor-size-default\">PH\u00c1T TRI\u1ec2N B\u1ec0N V\u1eeeNG<\/h1>\t\t\t\t<\/div>\n\t\t\t\t<div class=\"elementor-element elementor-element-06ede50 elementor-widget elementor-widget-text-editor\" data-id=\"06ede50\" data-element_type=\"widget\" data-widget_type=\"text-editor.default\">\n\t\t\t\t\t\t\t\t\t<p><span style=\"font-size: 21px;\"><strong>Kinh doanh c\u00f3 tr\u00e1ch nhi\u1ec7m<\/strong><\/span><\/p><p><span style=\"font-size: 18px;\">V\u1edbi ngu\u1ed3n n\u01b0\u1edbc kho\u00e1ng thi\u00ean nhi\u00ean t\u1eeb l\u00f2ng h\u1ed3 Ph\u00fa Ninh \u0111\u00e3 t\u1ea1o n\u00ean l\u1ee3i th\u1ebf, kh\u1eb3ng \u0111\u1ecbnh uy t\u00edn, gi\u00e1 tr\u1ecb r\u1ea5t l\u1edbn cho th\u01b0\u01a1ng hi\u1ec7u \u201cN\u01b0\u1edbc kho\u00e1ng Ph\u00fa Ninh\u201d tr\u00ean th\u1ecb tr\u01b0\u1eddng v\u00e0 t\u00e2m l\u00fd ng\u01b0\u1eddi ti\u00eau d\u00f9ng. Tuy v\u1eady, trong tri\u1ebft l\u00fd kinh doanh, C\u00f4ng ty C\u1ed5 ph\u1ea7n \u0111\u1ea7u t\u01b0 du l\u1ecbch H\u00f9ng C\u01b0\u1eddng x\u00e1c \u0111\u1ecbnh th\u01b0\u01a1ng hi\u1ec7u Ph\u00fa Ninh kh\u00f4ng ch\u1ec9 mang \u0111\u1ebfn gi\u00e1 tr\u1ecb v\u01b0\u1ee3t tr\u1ed9i v\u1ec1 s\u1ea3n ph\u1ea9m m\u00e0 c\u00f2n x\u00e2y d\u1ef1ng th\u01b0\u01a1ng hi\u1ec7u k\u1ebft n\u1ed1i c\u1ea3m x\u00fac v\u1edbi kh\u00e1ch h\u00e0ng, h\u01b0\u1edbng \u0111\u1ebfn s\u1ef1 ph\u00e1t tri\u1ec3n b\u1ec1n v\u1eefng trong t\u01b0\u01a1ng lai.<\/span><\/p><p><span style=\"font-size: 18px;\">Do v\u1eady, khi x\u00e2y d\u1ef1ng chi\u1ebfc l\u01b0\u1ee3c kinh doanh, c\u00f4ng ty ch\u00fa tr\u1ecdng h\u01b0\u1edbng t\u1edbi vi\u1ec7c \u0111\u00e1p \u1ee9ng nhu c\u1ea7u \u0111a d\u1ea1ng c\u1ee7a kh\u00e1ch h\u00e0ng, t\u1eeb nh\u1eefng kh\u00e1ch h\u00e0ng l\u1edbn tu\u1ed5i quan t\u00e2m ch\u1ea5t l\u01b0\u1ee3ng v\u00e0 s\u1ee9c kh\u1ecfe, \u0111\u1ebfn ph\u00e2n kh\u00fac gi\u1edbi tr\u1ebb y\u00eau th\u00edch s\u1ef1 m\u1edbi m\u1ebb v\u00e0 s\u1ed1ng phong c\u00e1ch. \u0110\u00e2y c\u0169ng l\u00e0 c\u01a1 h\u1ed9i \u0111\u1ec3 g\u1eafn k\u1ebft, lan to\u1ea3 h\u00ecnh \u1ea3nh s\u1ea3n ph\u1ea9m v\u1edbi xu h\u01b0\u1edbng s\u1ed1ng xanh v\u00e0 l\u00e0nh m\u1ea1nh \u0111\u1ebfn m\u1ecdi ng\u01b0\u1eddi.<\/span><\/p><p><span style=\"font-size: 18px;\">L\u00e0 s\u1ea3n ph\u1ea9m n\u01b0\u1edbc \u0111\u00f3ng chai, vi\u1ec7c s\u1eed d\u1ee5ng bao b\u00ec ph\u00f9 h\u1ee3p, th\u00e2n thi\u1ec7n v\u1edbi m\u00f4i tr\u01b0\u1eddng lu\u00f4n \u0111\u01b0\u1ee3c \u0111\u1eb7t l\u00ean h\u00e0ng \u0111\u1ea7u. Trong qu\u00e1 tr\u00ecnh nghi\u00ean c\u1ee9u, \u0111\u1ea7u t\u01b0 v\u1ec1 bao b\u00ec, c\u00f4ng ty lu\u00f4n \u01b0u ti\u00ean \u1ee7ng h\u1ed9 c\u00e1c s\u00e1ng ki\u1ebfn th\u1ef1c hi\u1ec7n vi\u1ec7c s\u1ea3n xu\u1ea5t nh\u1ef1a t\u00e1i sinh ch\u1ea5t l\u01b0\u1ee3ng cao t\u1eeb v\u1ecf chai \u0111\u01b0\u1ee3c thu gom v\u00e0 ph\u00e2n lo\u1ea1i t\u1eeb c\u00e1c t\u1ec9nh th\u00e0nh tr\u00ean c\u1ea3 n\u01b0\u1edbc.<\/span><\/p><p><span style=\"font-size: 18px;\">\u0110\u1ed1i v\u1edbi v\u1ecf b\u00ecnh n\u01b0\u1edbc Ph\u00fa Ninh 19L, ti\u1ebfp t\u1ee5c th\u1ef1c hi\u1ec7n m\u00f4 h\u00ecnh tu\u1ea7n ho\u00e0n. C\u1ee5 th\u1ec3, v\u1ecf b\u00ecnh \u0111\u01b0\u1ee3c thu gom tr\u1ef1c ti\u1ebfp t\u1eeb ng\u01b0\u1eddi ti\u00eau d\u00f9ng v\u00e0 chuy\u1ec3n v\u1ec1 nh\u00e0 m\u00e1y. T\u1ea1i nh\u00e0 m\u00e1y, c\u00e1c v\u1ecf b\u00ecnh s\u1ebd tr\u1ea3i qua quy tr\u00ecnh ki\u1ec3m tra v\u00e0 v\u1ec7 sinh ch\u1eb7t ch\u1ebd \u0111\u1ec3 \u0111\u1ea3m b\u1ea3o ch\u1ea5t l\u01b0\u1ee3ng v\u00e0 an to\u00e0n. Hi\u00ean t\u1ea1i, v\u1ecf b\u00ecnh \u0111ang \u0111\u01b0\u1ee3c t\u00e1i s\u1eed d\u1ee5ng n\u1ebfu ch\u1ea5t l\u01b0\u1ee3ng v\u1eabn \u0111\u1ea3m b\u1ea3o sau c\u00e1c l\u1ea7n s\u1eed d\u1ee5ng. N\u1ebfu kh\u00f4ng \u0111\u1ea1t ti\u00eau chu\u1ea9n ch\u1ea5t l\u01b0\u1ee3ng t\u00e1i s\u1eed d\u1ee5ng, v\u1ecf b\u00ecnh s\u1ebd \u0111\u01b0\u1ee3c chuy\u1ec3n v\u1ec1 \u0111\u01a1n v\u1ecb thu gom v\u00e0 t\u00e1i ch\u1ebf.<\/span><\/p><p><span style=\"font-size: 18px;\">Ngo\u00e0i nhi\u1ec7m v\u1ee5 kinh doanh, ph\u00e1t tri\u1ec3n th\u01b0\u01a1ng hi\u1ec7u th\u00ec m\u1ee5c ti\u00eau b\u1ea3o v\u1ec7 ngu\u1ed3n t\u00e0i nguy\u00ean qu\u00fd gi\u00e1, c\u00f4ng t\u00e1c an sinh x\u00e3 h\u1ed9i, ch\u0103m s\u00f3c &#8211; h\u1ed7 tr\u1ee3 nh\u1eefng ho\u00e0n c\u1ea3nh kh\u00f3 kh\u0103n t\u1ea1i \u0111\u1ecba ph\u01b0\u01a1ng c\u0169ng \u0111\u01b0\u1ee3c l\u00e3nh \u0111\u1ea1o C\u00f4ng ty C\u1ed5 ph\u1ea7n \u0111\u1ea7u t\u01b0 du l\u1ecbch H\u00f9ng C\u01b0\u1eddng quan t\u00e2m. \u0110\u1ea1i di\u1ec7n c\u00f4ng ty cho bi\u1ebft, v\u1edbi c\u00f4ng t\u00e1c an sinh x\u00e3 h\u1ed9i, c\u00f4ng ty lu\u00f4n d\u00e0nh s\u1ef1 quan t\u00e2m \u0111\u1eb7c bi\u1ec7t, theo d\u00f5i v\u00e0 h\u1ed7 tr\u1ee3 khi c\u1ea7n. \u0110i\u1ec1u n\u00e0y th\u1ec3 hi\u1ec7n tr\u00e1ch nhi\u1ec7m v\u1edbi c\u1ed9ng \u0111\u1ed3ng, s\u1ef1 chia s\u1ebb gi\u1eefa doanh nghi\u1ec7p v\u00e0 x\u00e3 h\u1ed9i. \u0110\u1eb7c bi\u1ec7t, c\u00f4ng ty lu\u00f4n ch\u00fa tr\u1ecdng quan t\u00e2m \u0111\u1ebfn \u0111\u1eddi s\u1ed1ng tinh th\u1ea7n v\u00e0 v\u1eadt ch\u1ea5t cho \u0111\u1ed9i ng\u0169 c\u00e1n b\u1ed9 c\u00f4ng nh\u00e2n vi\u00ean th\u00f4ng qua c\u00e1c ch\u00ednh s\u00e1ch, ch\u1ebf \u0111\u1ed9 ph\u00f9 h\u1ee3p \u0111\u1ec3 c\u00f9ng nhau song h\u00e0nh ph\u00e1t tri\u1ec3n t\u01b0\u01a1ng lai doanh nghi\u1ec7p, t\u01b0\u01a1ng lai c\u1ed9ng \u0111\u1ed3ng x\u00e3 h\u1ed9i.<\/span><\/p>\t\t\t\t\t\t\t\t<\/div>\n\t\t\t\t\t<\/div>\n\t\t\t\t<\/div>\n\t\t\t\t<\/div>\n\t\t","protected":false},"excerpt":{"rendered":"<p>PH\u00c1T TRI\u1ec2N B\u1ec0N V\u1eeeNG Kinh doanh c\u00f3 tr\u00e1ch nhi\u1ec7m V\u1edbi ngu\u1ed3n n\u01b0\u1edbc kho\u00e1ng thi\u00ean nhi\u00ean t\u1eeb l\u00f2ng h\u1ed3 Ph\u00fa Ninh [&hellip;]<\/p>\n","protected":false},"author":1,"featured_media":0,"parent":0,"menu_order":0,"comment_status":"closed","ping_status":"closed","template":"","meta":{"site-sidebar-layout":"no-sidebar","site-content-layout":"","ast-site-content-layout":"full-width-container","site-content-style":"default","site-sidebar-style":"default","ast-global-header-display":"","ast-banner-title-visibility":"","ast-main-header-display":"","ast-hfb-above-header-display":"","ast-hfb-below-header-display":"","ast-hfb-mobile-header-display":"","site-post-title":"","ast-breadcrumbs-content":"","ast-featured-img":"disabled","footer-sml-layout":"","theme-transparent-header-meta":"","adv-header-id-meta":"","stick-header-meta":"","header-above-stick-meta":"","header-main-stick-meta":"","header-below-stick-meta":"","astra-migrate-meta-layouts":"default","ast-page-background-enabled":"default","ast-page-background-meta":{"desktop":{"background-color":"var(--ast-global-color-5)","background-image":"","background-repeat":"repeat","background-position":"center center","background-size":"auto","background-attachment":"scroll","background-type":"","background-media":"","overlay-type":"","overlay-color":"","overlay-opacity":"","overlay-gradient":""},"tablet":{"background-color":"","background-image":"","background-repeat":"repeat","background-position":"center center","background-size":"auto","background-attachment":"scroll","background-type":"","background-media":"","overlay-type":"","overlay-color":"","overlay-opacity":"","overlay-gradient":""},"mobile":{"background-color":"","background-image":"","background-repeat":"repeat","background-position":"center center","background-size":"auto","background-attachment":"scroll","background-type":"","background-media":"","overlay-type":"","overlay-color":"","overlay-opacity":"","overlay-gradient":""}},"ast-content-background-meta":{"desktop":{"background-color":"var(--ast-global-color-4)","background-image":"","background-repeat":"repeat","background-position":"center center","background-size":"auto","background-attachment":"scroll","background-type":"","background-media":"","overlay-type":"","overlay-color":"","overlay-opacity":"","overlay-gradient":""},"tablet":{"background-color":"var(--ast-global-color-4)","background-image":"","background-repeat":"repeat","background-position":"center center","background-size":"auto","background-attachment":"scroll","background-type":"","background-media":"","overlay-type":"","overlay-color":"","overlay-opacity":"","overlay-gradient":""},"mobile":{"background-color":"var(--ast-global-color-4)","background-image":"","background-repeat":"repeat","background-position":"center center","background-size":"auto","background-attachment":"scroll","background-type":"","background-media":"","overlay-type":"","overlay-color":"","overlay-opacity":"","overlay-gradient":""}},"footnotes":""},"class_list":["post-512","page","type-page","status-publish","hentry"],"_links":{"self":[{"href":"https:\/\/demo23.mikotech.vn\/hungcuong\/wp-json\/wp\/v2\/pages\/512","targetHints":{"allow":["GET"]}}],"collection":[{"href":"https:\/\/demo23.mikotech.vn\/hungcuong\/wp-json\/wp\/v2\/pages"}],"about":[{"href":"https:\/\/demo23.mikotech.vn\/hungcuong\/wp-json\/wp\/v2\/types\/page"}],"author":[{"embeddable":true,"href":"https:\/\/demo23.mikotech.vn\/hungcuong\/wp-json\/wp\/v2\/users\/1"}],"replies":[{"embeddable":true,"href":"https:\/\/demo23.mikotech.vn\/hungcuong\/wp-json\/wp\/v2\/comments?post=512"}],"version-history":[{"count":22,"href":"https:\/\/demo23.mikotech.vn\/hungcuong\/wp-json\/wp\/v2\/pages\/512\/revisions"}],"predecessor-version":[{"id":1926,"href":"https:\/\/demo23.mikotech.vn\/hungcuong\/wp-json\/wp\/v2\/pages\/512\/revisions\/1926"}],"wp:attachment":[{"href":"https:\/\/demo23.mikotech.vn\/hungcuong\/wp-json\/wp\/v2\/media?parent=512"}],"curies":[{"name":"wp","href":"https:\/\/api.w.org\/{rel}","templated":true}]}}