{"id":1254,"date":"2025-12-12T07:51:02","date_gmt":"2025-12-12T07:51:02","guid":{"rendered":"https:\/\/demo23.mikotech.vn\/hungcuong\/?page_id=1254"},"modified":"2026-04-03T08:08:49","modified_gmt":"2026-04-03T08:08:49","slug":"tiep-nhan-va-giai-quyet-khieu-nai","status":"publish","type":"page","link":"https:\/\/demo23.mikotech.vn\/hungcuong\/tiep-nhan-va-giai-quyet-khieu-nai\/","title":{"rendered":"Ti\u1ebfp nh\u1eadn v\u00e0 gi\u1ea3i quy\u1ebft khi\u1ebfu n\u1ea1i"},"content":{"rendered":"\t\t<div data-elementor-type=\"wp-page\" data-elementor-id=\"1254\" class=\"elementor elementor-1254\" data-elementor-post-type=\"page\">\n\t\t\t\t<div class=\"elementor-element elementor-element-53198caf e-con-full e-flex e-con e-parent\" data-id=\"53198caf\" data-element_type=\"container\">\n\t\t\t\t<div class=\"elementor-element elementor-element-2544e20 elementor-widget elementor-widget-image\" data-id=\"2544e20\" data-element_type=\"widget\" data-widget_type=\"image.default\">\n\t\t\t\t\t\t\t\t\t\t\t\t\t\t\t<img fetchpriority=\"high\" decoding=\"async\" width=\"1440\" height=\"861\" src=\"https:\/\/demo23.mikotech.vn\/hungcuong\/wp-content\/uploads\/2025\/11\/slide.png\" class=\"attachment-full size-full wp-image-97\" alt=\"\" srcset=\"https:\/\/demo23.mikotech.vn\/hungcuong\/wp-content\/uploads\/2025\/11\/slide.png 1440w, https:\/\/demo23.mikotech.vn\/hungcuong\/wp-content\/uploads\/2025\/11\/slide-300x179.png 300w, https:\/\/demo23.mikotech.vn\/hungcuong\/wp-content\/uploads\/2025\/11\/slide-1024x612.png 1024w, https:\/\/demo23.mikotech.vn\/hungcuong\/wp-content\/uploads\/2025\/11\/slide-768x459.png 768w, https:\/\/demo23.mikotech.vn\/hungcuong\/wp-content\/uploads\/2025\/11\/slide-600x359.png 600w\" sizes=\"(max-width: 1440px) 100vw, 1440px\" \/>\t\t\t\t\t\t\t\t\t\t\t\t\t\t\t<\/div>\n\t\t\t\t<\/div>\n\t\t<div class=\"elementor-element elementor-element-46ea1a45 e-flex e-con-boxed e-con e-parent\" data-id=\"46ea1a45\" data-element_type=\"container\">\n\t\t\t\t\t<div class=\"e-con-inner\">\n\t\t\t\t<div class=\"elementor-element elementor-element-51bcd35e elementor-widget elementor-widget-heading\" data-id=\"51bcd35e\" data-element_type=\"widget\" data-widget_type=\"heading.default\">\n\t\t\t\t\t<h1 class=\"elementor-heading-title elementor-size-default\">TI\u1ebeP NH\u1eacN V\u00c0 GI\u1ea2I QUY\u1ebeT KHI\u1ebeU N\u1ea0I<\/h1>\t\t\t\t<\/div>\n\t\t\t\t<div class=\"elementor-element elementor-element-29c63a7b elementor-widget elementor-widget-text-editor\" data-id=\"29c63a7b\" data-element_type=\"widget\" data-widget_type=\"text-editor.default\">\n\t\t\t\t\t\t\t\t\t<p><strong>1. C\u01a1 ch\u1ebf gi\u1ea3i quy\u1ebft<\/strong><\/p><p>M\u1ecdi khi\u1ebfu n\u1ea1i t\u1eeb ph\u00eda Kh\u00e1ch h\u00e0ng \u0111\u1ec1u \u0111\u01b0\u1ee3c gi\u1ea3i quy\u1ebft tr\u00ean c\u01a1 s\u1edf th\u01b0\u01a1ng l\u01b0\u1ee3ng. Tr\u01b0\u1eddng h\u1ee3p kh\u00f4ng \u0111\u1ea1t \u0111\u01b0\u1ee3c th\u1ecfa thu\u1eadn nh\u01b0 mong mu\u1ed1n, m\u1ed9t trong hai b\u00ean c\u00f3 quy\u1ec1n \u0111\u01b0a v\u1ee5 vi\u1ec7c ra C\u01a1 quan nh\u00e0 n\u01b0\u1edbc c\u00f3 th\u1ea9m quy\u1ec1n \u0111\u1ec3 gi\u1ea3i quy\u1ebft.<\/p><p>Trong tr\u01b0\u1eddng h\u1ee3p x\u1ea3y ra s\u1ef1 c\u1ed1 do l\u1ed7i c\u1ee7a C\u00f4ng ty, ch\u00fang t\u00f4i s\u1ebd ngay l\u1eadp t\u1ee9c \u00e1p d\u1ee5ng c\u00e1c bi\u1ec7n ph\u00e1p c\u1ea7n thi\u1ebft \u0111\u1ec3 \u0111\u1ea3m b\u1ea3o quy\u1ec1n l\u1ee3i cho kh\u00e1ch h\u00e0ng.<\/p><p><strong style=\"font-size: 16px;\">2. Ph\u01b0\u01a1ng th\u1ee9c g\u1eedi khi\u1ebfu n\u1ea1i<\/strong><\/p><p>Kh\u00e1ch h\u00e0ng c\u00f3 th\u1ec3 g\u1eedi khi\u1ebfu n\u1ea1i \u0111\u1ec3 y\u00eau c\u1ea7u C\u00f4ng ty gi\u1ea3i quy\u1ebft b\u1eb1ng c\u00e1ch th\u1ee9c sau:<\/p><p>* C\u00e1ch 1: G\u1ecdi \u0111i\u1ec7n tho\u1ea1i t\u1edbi hotline c\u1ee7a ch\u00fang t\u00f4i: 0235.3823823<\/p><p>* C\u00e1ch 2: G\u1eedi email t\u1edbi \u0111\u1ecba ch\u1ec9: admin@dulichhungcuong.com.vn<\/p><p>* C\u00e1ch 3: Tr\u1ef1c ti\u1ebfp t\u1edbi \u0111\u1ecba ch\u1ec9 sau \u0111\u00e2y: Th\u00f4n Trung \u0110\u00e0n, x\u00e3 Ph\u00fa Ninh, Tp. \u0110\u00e0 N\u1eb5ng<\/p><p><strong style=\"font-size: 16px;\">3. Tr\u00ecnh t\u1ef1 th\u1ef1c hi\u1ec7n<\/strong><\/p><p><strong>B\u01b0\u1edbc 1: G\u1eedi khi\u1ebfu n\u1ea1i<\/strong><\/p><p>Kh\u00e1ch h\u00e0ng g\u1eedi khi\u1ebfu n\u1ea1i v\u1ec1 d\u1ecbch v\u1ee5 ho\u1eb7c quy\u1ec1n l\u1ee3i ch\u01b0a \u0111\u01b0\u1ee3c \u0111\u1ea3m b\u1ea3o \u0111\u1ea7y \u0111\u1ee7 t\u1edbi C\u00f4ng ty qua c\u00e1c c\u00e1ch th\u1ee9c \u0111\u00e3 quy \u0111\u1ecbnh \u1edf tr\u00ean.<\/p><p><strong>B\u01b0\u1edbc 2: Ti\u1ebfp nh\u1eadn v\u00e0 x\u1eed l\u00fd khi\u1ebfu n\u1ea1i<\/strong><\/p><p>C\u00f4ng ty s\u1ebd ti\u1ebfp nh\u1eadn c\u00e1c khi\u1ebfu n\u1ea1i c\u1ee7a Kh\u00e1ch h\u00e0ng v\u00e0 ti\u1ebfn h\u00e0nh x\u00e1c minh th\u00f4ng tin.<\/p><p><strong>B\u01b0\u1edbc 3: Ph\u1ea3n h\u1ed3i t\u1edbi kh\u00e1ch h\u00e0ng<\/strong><\/p><p>C\u00f4ng ty s\u1ebd ph\u1ea3n h\u1ed3i k\u1ebft qu\u1ea3 x\u1eed l\u00fd khi\u1ebfu n\u1ea1i t\u1edbi kh\u00e1ch h\u00e0ng trong th\u1eddi h\u1ea1n 03 &#8211; 05 ng\u00e0y l\u00e0m vi\u1ec7c k\u1ec3 t\u1eeb ng\u00e0y vi\u1ec7c x\u00e1c minh, x\u1eed l\u00fd th\u00f4ng tin \u0111\u01b0\u1ee3c ho\u00e0n th\u00e0nh.<\/p><p>C\u00f4ng ty s\u1ebd c\u1ed1 g\u1eafng x\u00e1c minh th\u00f4ng tin v\u00e0 gi\u1ea3i quy\u1ebft khi\u1ebfu n\u1ea1i m\u1ed9t c\u00e1ch nhanh ch\u00f3ng, k\u1ecbp th\u1eddi \u0111\u1ec3 \u0111\u1ea3m b\u1ea3o quy\u1ec1n l\u1ee3i cho Kh\u00e1ch h\u00e0ng.<\/p>\t\t\t\t\t\t\t\t<\/div>\n\t\t\t\t\t<\/div>\n\t\t\t\t<\/div>\n\t\t\t\t<\/div>\n\t\t","protected":false},"excerpt":{"rendered":"<p>TI\u1ebeP NH\u1eacN V\u00c0 GI\u1ea2I QUY\u1ebeT KHI\u1ebeU N\u1ea0I 1. C\u01a1 ch\u1ebf gi\u1ea3i quy\u1ebft M\u1ecdi khi\u1ebfu n\u1ea1i t\u1eeb ph\u00eda Kh\u00e1ch h\u00e0ng \u0111\u1ec1u [&hellip;]<\/p>\n","protected":false},"author":1,"featured_media":0,"parent":0,"menu_order":0,"comment_status":"closed","ping_status":"closed","template":"","meta":{"site-sidebar-layout":"no-sidebar","site-content-layout":"","ast-site-content-layout":"full-width-container","site-content-style":"default","site-sidebar-style":"default","ast-global-header-display":"","ast-banner-title-visibility":"","ast-main-header-display":"","ast-hfb-above-header-display":"","ast-hfb-below-header-display":"","ast-hfb-mobile-header-display":"","site-post-title":"","ast-breadcrumbs-content":"","ast-featured-img":"disabled","footer-sml-layout":"","theme-transparent-header-meta":"","adv-header-id-meta":"","stick-header-meta":"","header-above-stick-meta":"","header-main-stick-meta":"","header-below-stick-meta":"","astra-migrate-meta-layouts":"default","ast-page-background-enabled":"default","ast-page-background-meta":{"desktop":{"background-color":"var(--ast-global-color-5)","background-image":"","background-repeat":"repeat","background-position":"center center","background-size":"auto","background-attachment":"scroll","background-type":"","background-media":"","overlay-type":"","overlay-color":"","overlay-opacity":"","overlay-gradient":""},"tablet":{"background-color":"","background-image":"","background-repeat":"repeat","background-position":"center center","background-size":"auto","background-attachment":"scroll","background-type":"","background-media":"","overlay-type":"","overlay-color":"","overlay-opacity":"","overlay-gradient":""},"mobile":{"background-color":"","background-image":"","background-repeat":"repeat","background-position":"center center","background-size":"auto","background-attachment":"scroll","background-type":"","background-media":"","overlay-type":"","overlay-color":"","overlay-opacity":"","overlay-gradient":""}},"ast-content-background-meta":{"desktop":{"background-color":"var(--ast-global-color-4)","background-image":"","background-repeat":"repeat","background-position":"center center","background-size":"auto","background-attachment":"scroll","background-type":"","background-media":"","overlay-type":"","overlay-color":"","overlay-opacity":"","overlay-gradient":""},"tablet":{"background-color":"var(--ast-global-color-4)","background-image":"","background-repeat":"repeat","background-position":"center center","background-size":"auto","background-attachment":"scroll","background-type":"","background-media":"","overlay-type":"","overlay-color":"","overlay-opacity":"","overlay-gradient":""},"mobile":{"background-color":"var(--ast-global-color-4)","background-image":"","background-repeat":"repeat","background-position":"center center","background-size":"auto","background-attachment":"scroll","background-type":"","background-media":"","overlay-type":"","overlay-color":"","overlay-opacity":"","overlay-gradient":""}},"footnotes":""},"class_list":["post-1254","page","type-page","status-publish","hentry"],"_links":{"self":[{"href":"https:\/\/demo23.mikotech.vn\/hungcuong\/wp-json\/wp\/v2\/pages\/1254","targetHints":{"allow":["GET"]}}],"collection":[{"href":"https:\/\/demo23.mikotech.vn\/hungcuong\/wp-json\/wp\/v2\/pages"}],"about":[{"href":"https:\/\/demo23.mikotech.vn\/hungcuong\/wp-json\/wp\/v2\/types\/page"}],"author":[{"embeddable":true,"href":"https:\/\/demo23.mikotech.vn\/hungcuong\/wp-json\/wp\/v2\/users\/1"}],"replies":[{"embeddable":true,"href":"https:\/\/demo23.mikotech.vn\/hungcuong\/wp-json\/wp\/v2\/comments?post=1254"}],"version-history":[{"count":6,"href":"https:\/\/demo23.mikotech.vn\/hungcuong\/wp-json\/wp\/v2\/pages\/1254\/revisions"}],"predecessor-version":[{"id":2053,"href":"https:\/\/demo23.mikotech.vn\/hungcuong\/wp-json\/wp\/v2\/pages\/1254\/revisions\/2053"}],"wp:attachment":[{"href":"https:\/\/demo23.mikotech.vn\/hungcuong\/wp-json\/wp\/v2\/media?parent=1254"}],"curies":[{"name":"wp","href":"https:\/\/api.w.org\/{rel}","templated":true}]}}