{"id":1248,"date":"2025-12-12T07:45:27","date_gmt":"2025-12-12T07:45:27","guid":{"rendered":"https:\/\/demo23.mikotech.vn\/hungcuong\/?page_id=1248"},"modified":"2026-04-03T07:59:53","modified_gmt":"2026-04-03T07:59:53","slug":"chinh-sach-van-quyen","status":"publish","type":"page","link":"https:\/\/demo23.mikotech.vn\/hungcuong\/chinh-sach-van-quyen\/","title":{"rendered":"Ch\u00ednh s\u00e1ch v\u1eadn chuy\u1ec3n"},"content":{"rendered":"\t\t<div data-elementor-type=\"wp-page\" data-elementor-id=\"1248\" class=\"elementor elementor-1248\" data-elementor-post-type=\"page\">\n\t\t\t\t<div class=\"elementor-element elementor-element-54b33d9a e-con-full e-flex e-con e-parent\" data-id=\"54b33d9a\" data-element_type=\"container\">\n\t\t\t\t<div class=\"elementor-element elementor-element-7e6c8ccd elementor-widget elementor-widget-image\" data-id=\"7e6c8ccd\" data-element_type=\"widget\" data-widget_type=\"image.default\">\n\t\t\t\t\t\t\t\t\t\t\t\t\t\t\t<img fetchpriority=\"high\" decoding=\"async\" width=\"1440\" height=\"861\" src=\"https:\/\/demo23.mikotech.vn\/hungcuong\/wp-content\/uploads\/2025\/11\/slide.png\" class=\"attachment-full size-full wp-image-97\" alt=\"\" srcset=\"https:\/\/demo23.mikotech.vn\/hungcuong\/wp-content\/uploads\/2025\/11\/slide.png 1440w, https:\/\/demo23.mikotech.vn\/hungcuong\/wp-content\/uploads\/2025\/11\/slide-300x179.png 300w, https:\/\/demo23.mikotech.vn\/hungcuong\/wp-content\/uploads\/2025\/11\/slide-1024x612.png 1024w, https:\/\/demo23.mikotech.vn\/hungcuong\/wp-content\/uploads\/2025\/11\/slide-768x459.png 768w, https:\/\/demo23.mikotech.vn\/hungcuong\/wp-content\/uploads\/2025\/11\/slide-600x359.png 600w\" sizes=\"(max-width: 1440px) 100vw, 1440px\" \/>\t\t\t\t\t\t\t\t\t\t\t\t\t\t\t<\/div>\n\t\t\t\t<\/div>\n\t\t<div class=\"elementor-element elementor-element-3fb040ba e-flex e-con-boxed e-con e-parent\" data-id=\"3fb040ba\" data-element_type=\"container\">\n\t\t\t\t\t<div class=\"e-con-inner\">\n\t\t\t\t<div class=\"elementor-element elementor-element-55ae3ffd elementor-widget elementor-widget-heading\" data-id=\"55ae3ffd\" data-element_type=\"widget\" data-widget_type=\"heading.default\">\n\t\t\t\t\t<h1 class=\"elementor-heading-title elementor-size-default\">CH\u00cdNH S\u00c1CH V\u1eacN CHUY\u1ec2N<\/h1>\t\t\t\t<\/div>\n\t\t\t\t<div class=\"elementor-element elementor-element-59c4504 elementor-widget elementor-widget-text-editor\" data-id=\"59c4504\" data-element_type=\"widget\" data-widget_type=\"text-editor.default\">\n\t\t\t\t\t\t\t\t\t<p><strong><em>Th\u1eddi gian v\u1eadn chuy\u1ec3n<\/em><\/strong><\/p><p>Th\u1eddi gian giao h\u00e0ng: Th\u1eddi gian giao h\u00e0ng c\u1ee5 th\u1ec3 \u0111\u01b0\u1ee3c cung c\u1ea5p khi \u0111\u1eb7t h\u00e0ng, t\u00f9y thu\u1ed9c v\u00e0o v\u1ecb tr\u00ed c\u1ee7a ng\u01b0\u1eddi b\u00e1n v\u00e0 ng\u01b0\u1eddi mua giao \u0111\u1ed9ng t\u1eeb 1-2 ng\u00e0y.<\/p><p>Tr\u01b0\u1eddng h\u1ee3p ph\u00e1t sinh ch\u1eadm tr\u1ec5 trong v\u1ea5n \u0111\u1ec1 giao h\u00e0ng hay cung \u1ee9ng d\u1ecbch v\u1ee5 b\u1ed9 ph\u1eadn CSKH s\u1ebd t\u00ecm c\u00e1ch li\u00ean h\u1ec7 v\u00e0 th\u00f4ng b\u00e1o tr\u01b0\u1edbc cho ng\u01b0\u1eddi nh\u1eadn h\u00e0ng.<\/p><p><strong><em>Tr\u00e1ch nhi\u1ec7m c\u1ee7a \u0111\u01a1n v\u1ecb v\u1eadn chuy\u1ec3n v\u1edbi h\u00e0ng h\u00f3a v\u1eadn chuy\u1ec3n<\/em><\/strong><\/p><p>D\u1ecbch v\u1ee5 v\u1eadn chuy\u1ec3n s\u1ebd ch\u1ecbu tr\u00e1ch nhi\u1ec7m v\u1edbi h\u00e0ng h\u00f3a v\u00e0 c\u00e1c r\u1ee7i ro nh\u01b0 m\u1ea5t m\u00e1t ho\u1eb7c h\u01b0 h\u1ea1i c\u1ee7a h\u00e0ng h\u00f3a trong su\u1ed1t qu\u00e1 tr\u00ecnh v\u1eadn chuy\u1ec3n h\u00e0ng \u0111\u1ebfn kh\u00e1ch h\u00e0ng.<\/p><p>Kh\u00e1ch h\u00e0ng c\u00f3 tr\u00e1ch nhi\u1ec7m ki\u1ec3m tra h\u00e0ng h\u00f3a khi nh\u1eadn h\u00e0ng. Khi ph\u00e1t hi\u1ec7n h\u00e0ng h\u00f3a b\u1ecb h\u01b0 h\u1ea1i, tr\u1ea7y x\u01b0\u1edbc, b\u1ec3 v\u1ee1, m\u1ed1p m\u00e9o, ho\u1eb7c sai m\u1eabu m\u00e3 so v\u1edbi h\u00e0ng \u0111\u00e3 \u0111\u1eb7t mua th\u00ec k\u00fd x\u00e1c nh\u1eadn t\u00ecnh tr\u1ea1ng h\u00e0ng h\u00f3a v\u1edbi Nh\u00e2n vi\u00ean giao nh\u1eadn v\u00e0 th\u00f4ng b\u00e1o ngay cho ch\u00fang t\u00f4i \u0111\u1ec3 gi\u1ea3i quy\u1ebft.<\/p><p>Sau khi kh\u00e1ch \u0111\u00e3 k\u00fd nh\u1eadn h\u00e0ng m\u00e0 kh\u00f4ng ghi ch\u00fa ho\u1eb7c c\u00f3 \u00fd ki\u1ebfn v\u1ec1 h\u00e0ng h\u00f3a, \u0111\u1ed3ng ngh\u0129a v\u1edbi vi\u1ec7c \u0111\u01b0\u1ee3c ch\u1ea5p nh\u1eadn v\u00e0 xem nh\u01b0 ho\u00e0n th\u00e0nh, ch\u00fang t\u00f4i s\u1ebd kh\u00f4ng c\u00f3 tr\u00e1ch nhi\u1ec7m v\u1edbi nh\u1eefng y\u00eau c\u1ea7u \u0111\u1ed5i tr\u1ea3 v\u00ec h\u01b0 h\u1ecfng, tr\u1ea7y x\u01b0\u1edbc, b\u1ec3 v\u1ee1, m\u1ed1p m\u00e9o, sai h\u00e0ng h\u00f3a, vv\u2026 sau n\u00e0y.<\/p><p><strong><em>Ph\u00e2n \u0111\u1ecbnh tr\u00e1ch nhi\u1ec7m c\u1ee7a t\u1ed5 ch\u1ee9c cung \u1ee9ng d\u1ecbch v\u1ee5 v\u1eadn chuy\u1ec3n<\/em><\/strong><\/p><p>\u0110\u1ec3 ph\u1ee5c v\u1ee5 cho qu\u00e1 tr\u00ecnh v\u1eadn chuy\u1ec3n h\u00e0ng h\u00f3a c\u1ee7a \u0111\u01a1n v\u1ecb v\u1eadn chuy\u1ec3n C\u00f4ng ty cam k\u1ebft lu\u00f4n \u0111\u00f3ng k\u00e8m trong m\u1ed7i g\u00f3i h\u00e0ng: H\u00f3a \u0111\u01a1n b\u00e1n h\u00e0ng v\u00e0 c\u00e1c ch\u1ee9ng t\u1eeb li\u00ean quan ch\u1ee9ng minh s\u1ea3n ph\u1ea9m thu\u1ed9c quy\u1ec1n ph\u00e2n ph\u1ed1i h\u1ee3p ph\u00e1p c\u1ee7a C\u00f4ng ty.<\/p><p>Do \u0111\u00f3, trong qu\u00e1 tr\u00ecnh v\u1eadn chuy\u1ec3n, nh\u00e2n vi\u00ean giao h\u00e0ng c\u00f3 th\u1ec3 xu\u1ea5t tr\u00ecnh c\u00e1c ch\u1ee9ng t\u1eeb n\u00eau tr\u00ean \u0111\u1ec3 ch\u1ee9ng minh ngu\u1ed3n g\u1ed1c, xu\u1ea5t x\u1ee9 c\u1ee7a h\u00e0ng h\u00f3a n\u1ebfu \u0111\u01b0\u1ee3c y\u00eau c\u1ea7u b\u1edfi c\u00e1c c\u01a1 quan ch\u1ee9c n\u0103ng c\u00f3 th\u1ea9m quy\u1ec1n.<\/p><p><strong><em>H\u1ed7 Tr\u1ee3 Kh\u00e1ch H\u00e0ng<\/em><\/strong><\/p><p>N\u1ebfu kh\u00e1ch h\u00e0ng c\u00f3 b\u1ea5t k\u1ef3 c\u00e2u h\u1ecfi ho\u1eb7c th\u1eafc m\u1eafc n\u00e0o v\u1ec1 ch\u00ednh s\u00e1ch v\u1eadn chuy\u1ec3n ho\u1eb7c \u0111\u01a1n h\u00e0ng c\u1ee7a kh\u00e1ch h\u00e0ng, vui l\u00f2ng li\u00ean h\u1ec7 v\u1edbi b\u1ed9 ph\u1eadn d\u1ecbch v\u1ee5 kh\u00e1ch h\u00e0ng c\u1ee7a ch\u00fang t\u00f4i qua s\u1ed1 \u0111i\u1ec7n tho\u1ea1i 0235.3823823. Ch\u00fang t\u00f4i s\u1ebd r\u1ea5t vui l\u00f2ng h\u1ed7 tr\u1ee3 gi\u1ea3i \u0111\u00e1p.<\/p><p>Ch\u00fang t\u00f4i hy v\u1ecdng r\u1eb1ng ch\u00ednh s\u00e1ch v\u1eadn chuy\u1ec3n c\u1ee7a ch\u00fang t\u00f4i s\u1ebd gi\u00fap kh\u00e1ch h\u00e0ng c\u00f3 tr\u1ea3i nghi\u1ec7m mua s\u1eafm tr\u1ef1c tuy\u1ebfn d\u1ec5 d\u00e0ng v\u00e0 ti\u1ec7n l\u1ee3i nh\u1ea5t.<\/p>\t\t\t\t\t\t\t\t<\/div>\n\t\t\t\t\t<\/div>\n\t\t\t\t<\/div>\n\t\t\t\t<\/div>\n\t\t","protected":false},"excerpt":{"rendered":"<p>CH\u00cdNH S\u00c1CH V\u1eacN CHUY\u1ec2N Th\u1eddi gian v\u1eadn chuy\u1ec3n Th\u1eddi gian giao h\u00e0ng: Th\u1eddi gian giao h\u00e0ng c\u1ee5 th\u1ec3 \u0111\u01b0\u1ee3c cung [&hellip;]<\/p>\n","protected":false},"author":1,"featured_media":0,"parent":0,"menu_order":0,"comment_status":"closed","ping_status":"closed","template":"","meta":{"site-sidebar-layout":"no-sidebar","site-content-layout":"","ast-site-content-layout":"full-width-container","site-content-style":"default","site-sidebar-style":"default","ast-global-header-display":"","ast-banner-title-visibility":"","ast-main-header-display":"","ast-hfb-above-header-display":"","ast-hfb-below-header-display":"","ast-hfb-mobile-header-display":"","site-post-title":"","ast-breadcrumbs-content":"","ast-featured-img":"disabled","footer-sml-layout":"","theme-transparent-header-meta":"default","adv-header-id-meta":"","stick-header-meta":"","header-above-stick-meta":"","header-main-stick-meta":"","header-below-stick-meta":"","astra-migrate-meta-layouts":"set","ast-page-background-enabled":"default","ast-page-background-meta":{"desktop":{"background-color":"var(--ast-global-color-5)","background-image":"","background-repeat":"repeat","background-position":"center center","background-size":"auto","background-attachment":"scroll","background-type":"","background-media":"","overlay-type":"","overlay-color":"","overlay-opacity":"","overlay-gradient":""},"tablet":{"background-color":"","background-image":"","background-repeat":"repeat","background-position":"center center","background-size":"auto","background-attachment":"scroll","background-type":"","background-media":"","overlay-type":"","overlay-color":"","overlay-opacity":"","overlay-gradient":""},"mobile":{"background-color":"","background-image":"","background-repeat":"repeat","background-position":"center center","background-size":"auto","background-attachment":"scroll","background-type":"","background-media":"","overlay-type":"","overlay-color":"","overlay-opacity":"","overlay-gradient":""}},"ast-content-background-meta":{"desktop":{"background-color":"var(--ast-global-color-4)","background-image":"","background-repeat":"repeat","background-position":"center center","background-size":"auto","background-attachment":"scroll","background-type":"","background-media":"","overlay-type":"","overlay-color":"","overlay-opacity":"","overlay-gradient":""},"tablet":{"background-color":"var(--ast-global-color-4)","background-image":"","background-repeat":"repeat","background-position":"center center","background-size":"auto","background-attachment":"scroll","background-type":"","background-media":"","overlay-type":"","overlay-color":"","overlay-opacity":"","overlay-gradient":""},"mobile":{"background-color":"var(--ast-global-color-4)","background-image":"","background-repeat":"repeat","background-position":"center center","background-size":"auto","background-attachment":"scroll","background-type":"","background-media":"","overlay-type":"","overlay-color":"","overlay-opacity":"","overlay-gradient":""}},"footnotes":""},"class_list":["post-1248","page","type-page","status-publish","hentry"],"_links":{"self":[{"href":"https:\/\/demo23.mikotech.vn\/hungcuong\/wp-json\/wp\/v2\/pages\/1248","targetHints":{"allow":["GET"]}}],"collection":[{"href":"https:\/\/demo23.mikotech.vn\/hungcuong\/wp-json\/wp\/v2\/pages"}],"about":[{"href":"https:\/\/demo23.mikotech.vn\/hungcuong\/wp-json\/wp\/v2\/types\/page"}],"author":[{"embeddable":true,"href":"https:\/\/demo23.mikotech.vn\/hungcuong\/wp-json\/wp\/v2\/users\/1"}],"replies":[{"embeddable":true,"href":"https:\/\/demo23.mikotech.vn\/hungcuong\/wp-json\/wp\/v2\/comments?post=1248"}],"version-history":[{"count":7,"href":"https:\/\/demo23.mikotech.vn\/hungcuong\/wp-json\/wp\/v2\/pages\/1248\/revisions"}],"predecessor-version":[{"id":2050,"href":"https:\/\/demo23.mikotech.vn\/hungcuong\/wp-json\/wp\/v2\/pages\/1248\/revisions\/2050"}],"wp:attachment":[{"href":"https:\/\/demo23.mikotech.vn\/hungcuong\/wp-json\/wp\/v2\/media?parent=1248"}],"curies":[{"name":"wp","href":"https:\/\/api.w.org\/{rel}","templated":true}]}}