{"id":1236,"date":"2025-12-12T07:43:17","date_gmt":"2025-12-12T07:43:17","guid":{"rendered":"https:\/\/demo23.mikotech.vn\/hungcuong\/?page_id=1236"},"modified":"2026-04-03T08:13:46","modified_gmt":"2026-04-03T08:13:46","slug":"chinh-sach-bao-mat","status":"publish","type":"page","link":"https:\/\/demo23.mikotech.vn\/hungcuong\/chinh-sach-bao-mat\/","title":{"rendered":"Ch\u00ednh s\u00e1ch b\u1ea3o m\u1eadt"},"content":{"rendered":"\t\t<div data-elementor-type=\"wp-page\" data-elementor-id=\"1236\" class=\"elementor elementor-1236\" data-elementor-post-type=\"page\">\n\t\t\t\t<div class=\"elementor-element elementor-element-1495d105 e-con-full e-flex e-con e-parent\" data-id=\"1495d105\" data-element_type=\"container\">\n\t\t\t\t<div class=\"elementor-element elementor-element-a980ef5 elementor-widget elementor-widget-image\" data-id=\"a980ef5\" data-element_type=\"widget\" data-widget_type=\"image.default\">\n\t\t\t\t\t\t\t\t\t\t\t\t\t\t\t<img fetchpriority=\"high\" decoding=\"async\" width=\"1440\" height=\"861\" src=\"https:\/\/demo23.mikotech.vn\/hungcuong\/wp-content\/uploads\/2025\/11\/slide.png\" class=\"attachment-full size-full wp-image-97\" alt=\"\" srcset=\"https:\/\/demo23.mikotech.vn\/hungcuong\/wp-content\/uploads\/2025\/11\/slide.png 1440w, https:\/\/demo23.mikotech.vn\/hungcuong\/wp-content\/uploads\/2025\/11\/slide-300x179.png 300w, https:\/\/demo23.mikotech.vn\/hungcuong\/wp-content\/uploads\/2025\/11\/slide-1024x612.png 1024w, https:\/\/demo23.mikotech.vn\/hungcuong\/wp-content\/uploads\/2025\/11\/slide-768x459.png 768w, https:\/\/demo23.mikotech.vn\/hungcuong\/wp-content\/uploads\/2025\/11\/slide-600x359.png 600w\" sizes=\"(max-width: 1440px) 100vw, 1440px\" \/>\t\t\t\t\t\t\t\t\t\t\t\t\t\t\t<\/div>\n\t\t\t\t<\/div>\n\t\t<div class=\"elementor-element elementor-element-2226ac44 e-flex e-con-boxed e-con e-parent\" data-id=\"2226ac44\" data-element_type=\"container\">\n\t\t\t\t\t<div class=\"e-con-inner\">\n\t\t\t\t<div class=\"elementor-element elementor-element-2967046e elementor-widget elementor-widget-heading\" data-id=\"2967046e\" data-element_type=\"widget\" data-widget_type=\"heading.default\">\n\t\t\t\t\t<h1 class=\"elementor-heading-title elementor-size-default\">CH\u00cdNH S\u00c1CH B\u1ea2O M\u1eacT<\/h1>\t\t\t\t<\/div>\n\t\t\t\t<div class=\"elementor-element elementor-element-7d9bd0d4 elementor-widget elementor-widget-text-editor\" data-id=\"7d9bd0d4\" data-element_type=\"widget\" data-widget_type=\"text-editor.default\">\n\t\t\t\t\t\t\t\t\t<p><span style=\"font-size: 16px;\"><strong>1. M\u1ee5c \u0111\u00edch v\u00e0 ph\u1ea1m vi thu th\u1eadp th\u00f4ng tin<\/strong><\/span><\/p><p><span style=\"font-size: 16px;\">Vi\u1ec7c thu th\u1eadp th\u00f4ng tin c\u00e1 nh\u00e2n c\u1ee7a kh\u00e1ch h\u00e0ng nh\u1eb1m ph\u1ee5c v\u1ee5 qu\u00e1 tr\u00ecnh \u0111\u1eb7t h\u00e0ng, giao h\u00e0ng, thanh to\u00e1n, ch\u0103m s\u00f3c kh\u00e1ch h\u00e0ng v\u00e0 n\u00e2ng cao ch\u1ea5t l\u01b0\u1ee3ng d\u1ecbch v\u1ee5.<\/span><\/p><p><span style=\"font-size: 16px;\">C\u00e1c th\u00f4ng tin c\u00f3 th\u1ec3 \u0111\u01b0\u1ee3c thu th\u1eadp bao g\u1ed3m:<\/span><\/p><p><span style=\"font-size: 16px;\">&#8211; H\u1ecd v\u00e0 t\u00ean;<\/span><\/p><p><span style=\"font-size: 16px;\">&#8211; S\u1ed1 \u0111i\u1ec7n tho\u1ea1i;<\/span><\/p><p><span style=\"font-size: 16px;\">&#8211; \u0110\u1ecba ch\u1ec9 email;<\/span><\/p><p><span style=\"font-size: 16px;\">&#8211; \u0110\u1ecba ch\u1ec9 nh\u1eadn h\u00e0ng;<\/span><\/p><p><span style=\"font-size: 16px;\">&#8211; Th\u00f4ng tin thanh to\u00e1n (n\u1ebfu c\u00f3);<\/span><\/p><p><span style=\"font-size: 16px;\">&#8211; N\u1ed9i dung ph\u1ea3n h\u1ed3i, khi\u1ebfu n\u1ea1i, y\u00eau c\u1ea7u h\u1ed7 tr\u1ee3;<\/span><\/p><p><span style=\"font-size: 16px;\">&#8211; D\u1eef li\u1ec7u truy c\u1eadp website nh\u01b0 \u0111\u1ecba ch\u1ec9 IP, lo\u1ea1i tr\u00ecnh duy\u1ec7t, th\u1eddi gian truy c\u1eadp, cookies.<\/span><\/p><p><span style=\"font-size: 16px;\">Kh\u00e1ch h\u00e0ng cam k\u1ebft c\u00e1c th\u00f4ng tin cung c\u1ea5p l\u00e0 ch\u00ednh x\u00e1c v\u00e0 h\u1ee3p ph\u00e1p.<\/span><\/p><p><span style=\"font-size: 16px;\"><strong>2. Ph\u1ea1m vi s\u1eed d\u1ee5ng th\u00f4ng tin<\/strong><\/span><\/p><p><span style=\"font-size: 16px;\">Th\u00f4ng tin kh\u00e1ch h\u00e0ng \u0111\u01b0\u1ee3c s\u1eed d\u1ee5ng cho c\u00e1c m\u1ee5c \u0111\u00edch sau:<\/span><\/p><p><span style=\"font-size: 16px;\">&#8211; X\u00e1c nh\u1eadn v\u00e0 x\u1eed l\u00fd \u0111\u01a1n h\u00e0ng;<\/span><\/p><p><span style=\"font-size: 16px;\">&#8211; Li\u00ean h\u1ec7 giao h\u00e0ng, x\u00e1c nh\u1eadn thanh to\u00e1n;<\/span><\/p><p><span style=\"font-size: 16px;\">&#8211; Cung c\u1ea5p th\u00f4ng tin v\u1ec1 s\u1ea3n ph\u1ea9m, d\u1ecbch v\u1ee5;<\/span><\/p><p><span style=\"font-size: 16px;\">&#8211; H\u1ed7 tr\u1ee3 kh\u00e1ch h\u00e0ng khi c\u00f3 y\u00eau c\u1ea7u;<\/span><\/p><p><span style=\"font-size: 16px;\">&#8211; G\u1eedi th\u00f4ng b\u00e1o v\u1ec1 ch\u01b0\u01a1ng tr\u00ecnh khuy\u1ebfn m\u00e3i, \u01b0u \u0111\u00e3i (n\u1ebfu kh\u00e1ch h\u00e0ng \u0111\u1ed3ng \u00fd);<\/span><\/p><p><span style=\"font-size: 16px;\">&#8211; C\u1ea3i thi\u1ec7n ch\u1ea5t l\u01b0\u1ee3ng website v\u00e0 tr\u1ea3i nghi\u1ec7m ng\u01b0\u1eddi d\u00f9ng;<\/span><\/p><p><span style=\"font-size: 16px;\">&#8211; Ph\u1ee5c v\u1ee5 c\u00f4ng t\u00e1c qu\u1ea3n l\u00fd n\u1ed9i b\u1ed9, th\u1ed1ng k\u00ea v\u00e0 ph\u00e2n t\u00edch d\u1eef li\u1ec7u;<\/span><\/p><p><span style=\"font-size: 16px;\"><strong>3. Th\u1eddi gian l\u01b0u tr\u1eef th\u00f4ng tin<\/strong><\/span><\/p><p><span style=\"font-size: 16px;\">Th\u00f4ng tin c\u00e1 nh\u00e2n c\u1ee7a kh\u00e1ch h\u00e0ng \u0111\u01b0\u1ee3c l\u01b0u tr\u1eef trong su\u1ed1t th\u1eddi gian c\u1ea7n thi\u1ebft \u0111\u1ec3 ph\u1ee5c v\u1ee5 m\u1ee5c \u0111\u00edch thu th\u1eadp ho\u1eb7c cho \u0111\u1ebfn khi kh\u00e1ch h\u00e0ng c\u00f3 y\u00eau c\u1ea7u h\u1ee7y b\u1ecf, tr\u1eeb tr\u01b0\u1eddng h\u1ee3p ph\u00e1p lu\u1eadt c\u00f3 quy \u0111\u1ecbnh kh\u00e1c.<\/span><\/p><p><span style=\"font-size: 16px;\"><strong>4. Nh\u1eefng ng\u01b0\u1eddi ho\u1eb7c t\u1ed5 ch\u1ee9c c\u00f3 th\u1ec3 \u0111\u01b0\u1ee3c ti\u1ebfp c\u1eadn th\u00f4ng tin<\/strong><\/span><\/p><p><span style=\"font-size: 16px;\">Th\u00f4ng tin kh\u00e1ch h\u00e0ng c\u00f3 th\u1ec3 \u0111\u01b0\u1ee3c chia s\u1ebb cho:<\/span><\/p><p><span style=\"font-size: 16px;\">&#8211; B\u1ed9 ph\u1eadn b\u00e1n h\u00e0ng, ch\u0103m s\u00f3c kh\u00e1ch h\u00e0ng c\u1ee7a c\u00f4ng ty;<\/span><\/p><p><span style=\"font-size: 16px;\">&#8211; \u0110\u01a1n v\u1ecb v\u1eadn chuy\u1ec3n, giao nh\u1eadn h\u00e0ng h\u00f3a;<\/span><\/p><p><span style=\"font-size: 16px;\">&#8211; \u0110\u01a1n v\u1ecb cung c\u1ea5p d\u1ecbch v\u1ee5 thanh to\u00e1n;<\/span><\/p><p><span style=\"font-size: 16px;\">&#8211; \u0110\u01a1n v\u1ecb cung c\u1ea5p d\u1ecbch v\u1ee5 c\u00f4ng ngh\u1ec7 th\u00f4ng tin, l\u01b0u tr\u1eef d\u1eef li\u1ec7u;<\/span><\/p><p><span style=\"font-size: 16px;\">&#8211; C\u01a1 quan nh\u00e0 n\u01b0\u1edbc c\u00f3 th\u1ea9m quy\u1ec1n theo quy \u0111\u1ecbnh ph\u00e1p lu\u1eadt.<\/span><\/p><p><span style=\"font-size: 16px;\">C\u00f4ng ty cam k\u1ebft ch\u1ec9 chia s\u1ebb th\u00f4ng tin trong ph\u1ea1m vi c\u1ea7n thi\u1ebft v\u00e0 y\u00eau c\u1ea7u c\u00e1c b\u00ean li\u00ean quan b\u1ea3o m\u1eadt th\u00f4ng tin kh\u00e1ch h\u00e0ng.<\/span><\/p><p><span style=\"font-size: 16px;\"><strong>5. Cam k\u1ebft b\u1ea3o m\u1eadt th\u00f4ng tin kh\u00e1ch h\u00e0ng<\/strong><\/span><\/p><p><span style=\"font-size: 16px;\">Ch\u00fang t\u00f4i cam k\u1ebft b\u1ea3o m\u1eadt tuy\u1ec7t \u0111\u1ed1i th\u00f4ng tin c\u00e1 nh\u00e2n c\u1ee7a kh\u00e1ch h\u00e0ng b\u1eb1ng c\u00e1c bi\u1ec7n ph\u00e1p k\u1ef9 thu\u1eadt v\u00e0 qu\u1ea3n l\u00fd ph\u00f9 h\u1ee3p, bao g\u1ed3m nh\u01b0ng kh\u00f4ng gi\u1edbi h\u1ea1n:<\/span><\/p><p><span style=\"font-size: 16px;\">&#8211; M\u00e3 h\u00f3a d\u1eef li\u1ec7u khi truy\u1ec1n t\u1ea3i;<\/span><\/p><p><span style=\"font-size: 16px;\">&#8211; Ki\u1ec3m so\u00e1t quy\u1ec1n truy c\u1eadp n\u1ed9i b\u1ed9;<\/span><\/p><p><span style=\"font-size: 16px;\">&#8211; B\u1ea3o v\u1ec7 h\u1ec7 th\u1ed1ng m\u00e1y ch\u1ee7 v\u00e0 c\u01a1 s\u1edf d\u1eef li\u1ec7u;<\/span><\/p><p><span style=\"font-size: 16px;\">&#8211; Th\u01b0\u1eddng xuy\u00ean r\u00e0 so\u00e1t, c\u1eadp nh\u1eadt c\u00e1c bi\u1ec7n ph\u00e1p an ninh m\u1ea1ng.<\/span><\/p><p><span style=\"font-size: 16px;\">Ch\u00fang t\u00f4i kh\u00f4ng b\u00e1n, trao \u0111\u1ed5i ho\u1eb7c ti\u1ebft l\u1ed9 th\u00f4ng tin kh\u00e1ch h\u00e0ng cho b\u00ean th\u1ee9 ba v\u00ec m\u1ee5c \u0111\u00edch th\u01b0\u01a1ng m\u1ea1i khi ch\u01b0a c\u00f3 s\u1ef1 \u0111\u1ed3ng \u00fd c\u1ee7a kh\u00e1ch h\u00e0ng, tr\u1eeb tr\u01b0\u1eddng h\u1ee3p ph\u00e1p lu\u1eadt y\u00eau c\u1ea7u.<\/span><\/p><p><span style=\"font-size: 16px;\"><strong>6. Quy\u1ec1n c\u1ee7a kh\u00e1ch h\u00e0ng \u0111\u1ed1i v\u1edbi th\u00f4ng tin c\u00e1 nh\u00e2n<\/strong><\/span><\/p><p><span style=\"font-size: 16px;\">Kh\u00e1ch h\u00e0ng c\u00f3 quy\u1ec1n:<\/span><\/p><p><span style=\"font-size: 16px;\">&#8211; Ki\u1ec3m tra, c\u1eadp nh\u1eadt, ch\u1ec9nh s\u1eeda th\u00f4ng tin c\u00e1 nh\u00e2n;<\/span><\/p><p><span style=\"font-size: 16px;\">&#8211; Y\u00eau c\u1ea7u x\u00f3a ho\u1eb7c ng\u1eebng s\u1eed d\u1ee5ng th\u00f4ng tin;<\/span><\/p><p><span style=\"font-size: 16px;\">&#8211; Khi\u1ebfu n\u1ea1i v\u1ec1 vi\u1ec7c l\u1ed9 l\u1ecdt ho\u1eb7c s\u1eed d\u1ee5ng sai m\u1ee5c \u0111\u00edch th\u00f4ng tin c\u00e1 nh\u00e2n.<\/span><\/p><p><span style=\"font-size: 16px;\">M\u1ecdi y\u00eau c\u1ea7u vui l\u00f2ng li\u00ean h\u1ec7:<\/span><\/p><p><span style=\"font-size: 16px;\"><strong>B\u1ed9 ph\u1eadn ch\u0103m s\u00f3c kh\u00e1ch h\u00e0ng:<\/strong><\/span><\/p><p><span style=\"font-size: 16px;\">&#8211; \u0110i\u1ec7n tho\u1ea1i: 0235.3823823<\/span><\/p><p><span style=\"font-size: 16px;\">&#8211; Email: admin@dulichhungcuong.com.vn<\/span><\/p><p><span style=\"font-size: 16px;\">&#8211; \u0110\u1ecba ch\u1ec9: Th\u00f4n Trung \u0110\u00e0n, x\u00e3 Ph\u00fa Ninh, Tp. \u0110\u00e0 N\u1eb5ng<\/span><\/p><p><span style=\"font-size: 16px;\"><strong>7. C\u01a1 ch\u1ebf ti\u1ebfp nh\u1eadn v\u00e0 gi\u1ea3i quy\u1ebft khi\u1ebfu n\u1ea1i<\/strong><\/span><\/p><p><span style=\"font-size: 16px;\">Khi ph\u00e1t hi\u1ec7n th\u00f4ng tin c\u00e1 nh\u00e2n b\u1ecb s\u1eed d\u1ee5ng sai m\u1ee5c \u0111\u00edch ho\u1eb7c v\u01b0\u1ee3t ph\u1ea1m vi \u0111\u00e3 th\u00f4ng b\u00e1o, kh\u00e1ch h\u00e0ng c\u00f3 th\u1ec3 g\u1eedi khi\u1ebfu n\u1ea1i qua c\u00e1c k\u00eanh li\u00ean h\u1ec7 n\u00eau tr\u00ean.<\/span><\/p><p><span style=\"font-size: 16px;\">Ch\u00fang t\u00f4i s\u1ebd ti\u1ebfp nh\u1eadn v\u00e0 ph\u1ea3n h\u1ed3i trong th\u1eddi gian <strong>03\u201307 ng\u00e0y l\u00e0m vi\u1ec7c<\/strong> k\u1ec3 t\u1eeb ng\u00e0y nh\u1eadn \u0111\u01b0\u1ee3c y\u00eau c\u1ea7u.<\/span><\/p><p><span style=\"font-size: 16px;\"><strong>8. \u0110i\u1ec1u kho\u1ea3n \u00e1p d\u1ee5ng<\/strong><\/span><\/p><p><span style=\"font-size: 16px;\">Ch\u00ednh s\u00e1ch b\u1ea3o m\u1eadt n\u00e0y c\u00f3 hi\u1ec7u l\u1ef1c k\u1ec3 t\u1eeb ng\u00e0y \u0111\u0103ng t\u1ea3i tr\u00ean website v\u00e0 c\u00f3 th\u1ec3 \u0111\u01b0\u1ee3c s\u1eeda \u0111\u1ed5i, b\u1ed5 sung t\u00f9y t\u1eebng th\u1eddi \u0111i\u1ec3m \u0111\u1ec3 ph\u00f9 h\u1ee3p v\u1edbi quy \u0111\u1ecbnh ph\u00e1p lu\u1eadt v\u00e0 ho\u1ea1t \u0111\u1ed9ng kinh doanh.<\/span><\/p>\t\t\t\t\t\t\t\t<\/div>\n\t\t\t\t\t<\/div>\n\t\t\t\t<\/div>\n\t\t\t\t<\/div>\n\t\t","protected":false},"excerpt":{"rendered":"<p>CH\u00cdNH S\u00c1CH B\u1ea2O M\u1eacT 1. M\u1ee5c \u0111\u00edch v\u00e0 ph\u1ea1m vi thu th\u1eadp th\u00f4ng tin Vi\u1ec7c thu th\u1eadp th\u00f4ng tin c\u00e1 [&hellip;]<\/p>\n","protected":false},"author":1,"featured_media":0,"parent":0,"menu_order":0,"comment_status":"closed","ping_status":"closed","template":"","meta":{"site-sidebar-layout":"no-sidebar","site-content-layout":"","ast-site-content-layout":"full-width-container","site-content-style":"default","site-sidebar-style":"default","ast-global-header-display":"","ast-banner-title-visibility":"","ast-main-header-display":"","ast-hfb-above-header-display":"","ast-hfb-below-header-display":"","ast-hfb-mobile-header-display":"","site-post-title":"","ast-breadcrumbs-content":"","ast-featured-img":"disabled","footer-sml-layout":"","theme-transparent-header-meta":"","adv-header-id-meta":"","stick-header-meta":"","header-above-stick-meta":"","header-main-stick-meta":"","header-below-stick-meta":"","astra-migrate-meta-layouts":"default","ast-page-background-enabled":"default","ast-page-background-meta":{"desktop":{"background-color":"var(--ast-global-color-5)","background-image":"","background-repeat":"repeat","background-position":"center center","background-size":"auto","background-attachment":"scroll","background-type":"","background-media":"","overlay-type":"","overlay-color":"","overlay-opacity":"","overlay-gradient":""},"tablet":{"background-color":"","background-image":"","background-repeat":"repeat","background-position":"center center","background-size":"auto","background-attachment":"scroll","background-type":"","background-media":"","overlay-type":"","overlay-color":"","overlay-opacity":"","overlay-gradient":""},"mobile":{"background-color":"","background-image":"","background-repeat":"repeat","background-position":"center center","background-size":"auto","background-attachment":"scroll","background-type":"","background-media":"","overlay-type":"","overlay-color":"","overlay-opacity":"","overlay-gradient":""}},"ast-content-background-meta":{"desktop":{"background-color":"var(--ast-global-color-4)","background-image":"","background-repeat":"repeat","background-position":"center center","background-size":"auto","background-attachment":"scroll","background-type":"","background-media":"","overlay-type":"","overlay-color":"","overlay-opacity":"","overlay-gradient":""},"tablet":{"background-color":"var(--ast-global-color-4)","background-image":"","background-repeat":"repeat","background-position":"center center","background-size":"auto","background-attachment":"scroll","background-type":"","background-media":"","overlay-type":"","overlay-color":"","overlay-opacity":"","overlay-gradient":""},"mobile":{"background-color":"var(--ast-global-color-4)","background-image":"","background-repeat":"repeat","background-position":"center center","background-size":"auto","background-attachment":"scroll","background-type":"","background-media":"","overlay-type":"","overlay-color":"","overlay-opacity":"","overlay-gradient":""}},"footnotes":""},"class_list":["post-1236","page","type-page","status-publish","hentry"],"_links":{"self":[{"href":"https:\/\/demo23.mikotech.vn\/hungcuong\/wp-json\/wp\/v2\/pages\/1236","targetHints":{"allow":["GET"]}}],"collection":[{"href":"https:\/\/demo23.mikotech.vn\/hungcuong\/wp-json\/wp\/v2\/pages"}],"about":[{"href":"https:\/\/demo23.mikotech.vn\/hungcuong\/wp-json\/wp\/v2\/types\/page"}],"author":[{"embeddable":true,"href":"https:\/\/demo23.mikotech.vn\/hungcuong\/wp-json\/wp\/v2\/users\/1"}],"replies":[{"embeddable":true,"href":"https:\/\/demo23.mikotech.vn\/hungcuong\/wp-json\/wp\/v2\/comments?post=1236"}],"version-history":[{"count":15,"href":"https:\/\/demo23.mikotech.vn\/hungcuong\/wp-json\/wp\/v2\/pages\/1236\/revisions"}],"predecessor-version":[{"id":2059,"href":"https:\/\/demo23.mikotech.vn\/hungcuong\/wp-json\/wp\/v2\/pages\/1236\/revisions\/2059"}],"wp:attachment":[{"href":"https:\/\/demo23.mikotech.vn\/hungcuong\/wp-json\/wp\/v2\/media?parent=1236"}],"curies":[{"name":"wp","href":"https:\/\/api.w.org\/{rel}","templated":true}]}}